{"id":1667,"date":"2022-01-25T16:51:42","date_gmt":"2022-01-25T15:51:42","guid":{"rendered":"http:\/\/www.bachmek.umi.ac.ma\/?page_id=1667"},"modified":"2022-01-25T17:10:42","modified_gmt":"2022-01-25T16:10:42","slug":"coding-day-3","status":"publish","type":"page","link":"http:\/\/www.bachmek.umi.ac.ma\/?page_id=1667","title":{"rendered":"Coding day 3"},"content":{"rendered":"\n\n\t\t<!-- MasterSlider -->\n\t\t<div id=\"P_MS69f3de3209535\" class=\"master-slider-parent msl ms-parent-id-11\" style=\"max-width:945px;\">\n\n\t\t\t\n\t\t\t<!-- MasterSlider Main -->\n\t\t\t<div id=\"MS69f3de3209535\" class=\"master-slider ms-skin-default\" >\n\t\t\t\t \t\t\t\t \n\t\t\t\t<div  class=\"ms-slide\" data-delay=\"3\" data-fill-mode=\"fill\"  >\n\t\t\t\t\t<img src=\"http:\/\/www.bachmek.umi.ac.ma\/wp-content\/plugins\/master-slider\/public\/assets\/css\/blank.gif\" alt=\"\" title=\"\" data-src=\"http:\/\/www.bachmek.umi.ac.ma\/wp-content\/uploads\/2022\/01\/2S6A3986-scaled.jpg\" \/>\n\n\n\t<img class=\"ms-thumb\" src=\"http:\/\/www.bachmek.umi.ac.ma\/wp-content\/uploads\/2022\/01\/2S6A3986-scaled-140x80.jpg\" alt=\"\" \/>\n\t<div class=\"ms-thumb\" ><div class=\"ms-tab-context\"><div class=&quot;ms-tab-context&quot;><\/div><\/div>\n<\/div>\n\t\t\t\t<\/div>\n\t\t\t\t<div  class=\"ms-slide\" data-delay=\"3\" data-fill-mode=\"fill\"  >\n\t\t\t\t\t<img src=\"http:\/\/www.bachmek.umi.ac.ma\/wp-content\/plugins\/master-slider\/public\/assets\/css\/blank.gif\" alt=\"\" title=\"\" data-src=\"http:\/\/www.bachmek.umi.ac.ma\/wp-content\/uploads\/2022\/01\/2S6A3982-scaled.jpg\" \/>\n\n\n\t<img class=\"ms-thumb\" src=\"http:\/\/www.bachmek.umi.ac.ma\/wp-content\/uploads\/2022\/01\/2S6A3982-scaled-140x80.jpg\" alt=\"\" \/>\n\t<div class=\"ms-thumb\" ><div class=\"ms-tab-context\"><div class=&quot;ms-tab-context&quot;><\/div><\/div>\n<\/div>\n\t\t\t\t<\/div>\n\t\t\t\t<div  class=\"ms-slide\" data-delay=\"3\" data-fill-mode=\"fill\"  >\n\t\t\t\t\t<img src=\"http:\/\/www.bachmek.umi.ac.ma\/wp-content\/plugins\/master-slider\/public\/assets\/css\/blank.gif\" alt=\"\" title=\"\" data-src=\"http:\/\/www.bachmek.umi.ac.ma\/wp-content\/uploads\/2022\/01\/2S6A3981-scaled.jpg\" \/>\n\n\n\t<img class=\"ms-thumb\" src=\"http:\/\/www.bachmek.umi.ac.ma\/wp-content\/uploads\/2022\/01\/2S6A3981-scaled-140x80.jpg\" alt=\"\" \/>\n\t<div class=\"ms-thumb\" ><div class=\"ms-tab-context\"><div class=&quot;ms-tab-context&quot;><\/div><\/div>\n<\/div>\n\t\t\t\t<\/div>\n\t\t\t\t<div  class=\"ms-slide\" data-delay=\"3\" data-fill-mode=\"fill\"  >\n\t\t\t\t\t<img src=\"http:\/\/www.bachmek.umi.ac.ma\/wp-content\/plugins\/master-slider\/public\/assets\/css\/blank.gif\" alt=\"\" title=\"\" data-src=\"http:\/\/www.bachmek.umi.ac.ma\/wp-content\/uploads\/2022\/01\/2S6A4064-scaled.jpg\" \/>\n\n\n\t<img class=\"ms-thumb\" src=\"http:\/\/www.bachmek.umi.ac.ma\/wp-content\/uploads\/2022\/01\/2S6A4064-scaled-140x80.jpg\" alt=\"\" \/>\n\t<div class=\"ms-thumb\" ><div class=\"ms-tab-context\"><div class=&quot;ms-tab-context&quot;><\/div><\/div>\n<\/div>\n\t\t\t\t<\/div>\n\t\t\t\t<div  class=\"ms-slide\" data-delay=\"3\" data-fill-mode=\"fill\"  >\n\t\t\t\t\t<img src=\"http:\/\/www.bachmek.umi.ac.ma\/wp-content\/plugins\/master-slider\/public\/assets\/css\/blank.gif\" alt=\"\" title=\"\" data-src=\"http:\/\/www.bachmek.umi.ac.ma\/wp-content\/uploads\/2022\/01\/2S6A4050-scaled.jpg\" \/>\n\n\n\t<img class=\"ms-thumb\" src=\"http:\/\/www.bachmek.umi.ac.ma\/wp-content\/uploads\/2022\/01\/2S6A4050-scaled-140x80.jpg\" alt=\"\" \/>\n\t<div class=\"ms-thumb\" ><div class=\"ms-tab-context\"><div class=&quot;ms-tab-context&quot;><\/div><\/div>\n<\/div>\n\t\t\t\t<\/div>\n\t\t\t\t<div  class=\"ms-slide\" data-delay=\"3\" data-fill-mode=\"fill\"  >\n\t\t\t\t\t<img src=\"http:\/\/www.bachmek.umi.ac.ma\/wp-content\/plugins\/master-slider\/public\/assets\/css\/blank.gif\" alt=\"\" title=\"\" data-src=\"http:\/\/www.bachmek.umi.ac.ma\/wp-content\/uploads\/2022\/01\/2S6A4047-scaled.jpg\" \/>\n\n\n\t<img class=\"ms-thumb\" src=\"http:\/\/www.bachmek.umi.ac.ma\/wp-content\/uploads\/2022\/01\/2S6A4047-scaled-140x80.jpg\" alt=\"\" \/>\n\t<div class=\"ms-thumb\" ><div class=\"ms-tab-context\"><div class=&quot;ms-tab-context&quot;><\/div><\/div>\n<\/div>\n\t\t\t\t<\/div>\n\t\t\t\t<div  class=\"ms-slide\" data-delay=\"3\" data-fill-mode=\"fill\"  >\n\t\t\t\t\t<img src=\"http:\/\/www.bachmek.umi.ac.ma\/wp-content\/plugins\/master-slider\/public\/assets\/css\/blank.gif\" alt=\"\" title=\"\" data-src=\"http:\/\/www.bachmek.umi.ac.ma\/wp-content\/uploads\/2022\/01\/2S6A4068-scaled.jpg\" \/>\n\n\n\t<img class=\"ms-thumb\" src=\"http:\/\/www.bachmek.umi.ac.ma\/wp-content\/uploads\/2022\/01\/2S6A4068-scaled-140x80.jpg\" alt=\"\" \/>\n\t<div class=\"ms-thumb\" ><div class=\"ms-tab-context\"><div class=&quot;ms-tab-context&quot;><\/div><\/div>\n<\/div>\n\t\t\t\t<\/div>\n\n\t\t\t<\/div>\n\t\t\t<!-- END MasterSlider Main -->\n\n\t\t\t \n\t\t<\/div>\n\t\t<!-- END MasterSlider -->\n\n\t\t<script>\n\t\t(function ( $ ) {\n\t\t\t\"use strict\";\n\n\t\t\t$(function () {\n\t\t\t\tvar masterslider_9535 = new MasterSlider();\n\n\t\t\t\t\/\/ slider controls\n\t\t\t\tmasterslider_9535.control('arrows'     ,{ autohide:false, overVideo:true  });\t\t\t\tmasterslider_9535.control('bullets'    ,{ autohide:false, overVideo:true, dir:'h', align:'bottom' , margin:10  });\n\n\t\t\t\tmasterslider_9535.control('thumblist'  ,{ autohide:false, overVideo:true, dir:'v', speed:17, inset:false, arrows:false, hover:false, customClass:'', align:'right',type:'thumbs', margin:5, width:140, height:80, space:5, fillMode:'fill'  });\n\t\t\t\t\/\/ slider setup\n\t\t\t\tmasterslider_9535.setup(\"MS69f3de3209535\", {\n\t\t\t\t\t\twidth           : 800,\n\t\t\t\t\t\theight          : 480,\n\t\t\t\t\t\tminHeight       : 0,\n\t\t\t\t\t\tspace           : 0,\n\t\t\t\t\t\tstart           : 1,\n\t\t\t\t\t\tgrabCursor      : true,\n\t\t\t\t\t\tswipe           : true,\n\t\t\t\t\t\tmouse           : true,\n\t\t\t\t\t\tlayout          : \"boxed\",\n\t\t\t\t\t\twheel           : false,\n\t\t\t\t\t\tautoplay        : false,\n\t\t\t\t\t\tinstantStartLayers:false,\n\t\t\t\t\t\tloop            : true,\n\t\t\t\t\t\tshuffle         : false,\n\t\t\t\t\t\tpreload         : 0,\n\t\t\t\t\t\theightLimit     : true,\n\t\t\t\t\t\tautoHeight      : false,\n\t\t\t\t\t\tsmoothHeight    : true,\n\t\t\t\t\t\tendPause        : false,\n\t\t\t\t\t\toverPause       : true,\n\t\t\t\t\t\tfillMode        : \"fill\",\n\t\t\t\t\t\tcenterControls  : true,\n\t\t\t\t\t\tstartOnAppear   : false,\n\t\t\t\t\t\tlayersMode      : \"center\",\n\t\t\t\t\t\thideLayers      : false,\n\t\t\t\t\t\tfullscreenMargin: 0,\n\t\t\t\t\t\tspeed           : 20,\n\t\t\t\t\t\tdir             : \"h\",\n\t\t\t\t\t\tparallaxMode    : 'swipe',\n\t\t\t\t\t\tview            : \"basic\"\n\t\t\t\t});\n\n\t\t\t\t\n\t\t\t\twindow.masterslider_instances = window.masterslider_instances || [];\n\t\t\t\twindow.masterslider_instances.push( masterslider_9535 );\n\t\t\t });\n\n\t\t})(jQuery);\n\t\t<\/script>\n\n\n\n\n\n<p>Dans le cadre de ses activit\u00e9s acad\u00e9miques et pour encourager l\u2019esprit comp\u00e9titif dans le domaine scientifique, l\u2019\u00e9quipe p\u00e9dagogique du bachelor g\u00e9nie informatique de l\u2019UMI a organis\u00e9 sa 3\u00e8me \u00e9dition du \u00ab Coding Day \u00bb le 12 janvier 2022. Cette comp\u00e9tition consiste \u00e0 d\u00e9velopper une application en langage JEE. Les \u00e9tudiants ont cod\u00e9 de mani\u00e8re continue toute la journ\u00e9e de 8h30 \u00e0 19h. 3 prix ont \u00e9t\u00e9 d\u00e9cern\u00e9 aux 3 premiers \u00e9tudiants.<\/p>\n","protected":false},"excerpt":{"rendered":"<p>Dans le cadre de ses activit\u00e9s acad\u00e9miques et pour encourager l\u2019esprit comp\u00e9titif dans le domaine scientifique, l\u2019\u00e9quipe p\u00e9dagogique du bachelor g\u00e9nie informatique de l\u2019UMI a organis\u00e9 sa 3\u00e8me \u00e9dition du \u00ab Coding Day \u00bb le 12 janvier 2022. Cette comp\u00e9tition<\/p>\n","protected":false},"author":1,"featured_media":0,"parent":0,"menu_order":0,"comment_status":"closed","ping_status":"closed","template":"","meta":[],"_links":{"self":[{"href":"http:\/\/www.bachmek.umi.ac.ma\/index.php?rest_route=\/wp\/v2\/pages\/1667"}],"collection":[{"href":"http:\/\/www.bachmek.umi.ac.ma\/index.php?rest_route=\/wp\/v2\/pages"}],"about":[{"href":"http:\/\/www.bachmek.umi.ac.ma\/index.php?rest_route=\/wp\/v2\/types\/page"}],"author":[{"embeddable":true,"href":"http:\/\/www.bachmek.umi.ac.ma\/index.php?rest_route=\/wp\/v2\/users\/1"}],"replies":[{"embeddable":true,"href":"http:\/\/www.bachmek.umi.ac.ma\/index.php?rest_route=%2Fwp%2Fv2%2Fcomments&post=1667"}],"version-history":[{"count":3,"href":"http:\/\/www.bachmek.umi.ac.ma\/index.php?rest_route=\/wp\/v2\/pages\/1667\/revisions"}],"predecessor-version":[{"id":1680,"href":"http:\/\/www.bachmek.umi.ac.ma\/index.php?rest_route=\/wp\/v2\/pages\/1667\/revisions\/1680"}],"wp:attachment":[{"href":"http:\/\/www.bachmek.umi.ac.ma\/index.php?rest_route=%2Fwp%2Fv2%2Fmedia&parent=1667"}],"curies":[{"name":"wp","href":"https:\/\/api.w.org\/{rel}","templated":true}]}}