{"id":536,"date":"2023-09-28T00:36:20","date_gmt":"2023-09-27T22:36:20","guid":{"rendered":"http:\/\/www.bachmek.umi.ac.ma\/EnvIMEKO10\/?page_id=536"},"modified":"2023-09-28T00:36:28","modified_gmt":"2023-09-27T22:36:28","slug":"pr-hassan-hajjaj","status":"publish","type":"page","link":"http:\/\/www.bachmek.umi.ac.ma\/EnvIMEKO10\/index.php\/pr-hassan-hajjaj\/","title":{"rendered":"Pr. Hassan HAJJAJ"},"content":{"rendered":"<p>&nbsp;<\/p>\n<p style=\"line-height: 108%; text-indent: -0.25cm; margin-bottom: 0.28cm;\" align=\"justify\"><span style=\"color: #1d2228;\"><span style=\"font-family: Helvetica, serif;\"><span style=\"font-size: small;\"><b><span style=\"background: #ffffff;\">Valorisation des coproduits de l\u2019agro-industrie : Source de plateforme mol\u00e9culaire et concept de l&rsquo;\u00e9conomie circulaire<\/span><\/b><\/span><\/span><\/span><\/p>\n<ul>\n<li>\n<p style=\"line-height: 100%; orphans: 0; widows: 0; margin-bottom: 0cm;\" align=\"justify\"><span style=\"color: #000000;\"><span style=\"font-family: Trebuchet MS, serif;\"><span style=\"font-size: medium;\"><span style=\"font-family: Times New Roman, serif;\"><span style=\"font-size: small;\">Professeur d\u2019Enseignement Sup\u00e9rieur \u00e0 la Facult\u00e9 des Sciences Mekn\u00e8s \u00e0 l\u2019Universit\u00e9 Moulay Ismail (UMI).<\/span><\/span><\/span><\/span><\/span><\/p>\n<\/li>\n<li>\n<p style=\"line-height: 100%; orphans: 0; widows: 0; margin-bottom: 0cm;\" align=\"justify\"><span style=\"color: #000000;\"><span style=\"font-family: Trebuchet MS, serif;\"><span style=\"font-size: medium;\"><span style=\"font-family: Times New Roman, serif;\"><span style=\"font-size: small;\">Coordinateur du Cluster de comp\u00e9tence \u00ab\u00a0Agroalimentaire et s\u00e9curit\u00e9 sanitaire des aliments\u00a0\u00bb du projet de Coop\u00e9ration Universitaire Institutionnelle (CUI) Belgo-marocain (2017-2022)<\/span><\/span><\/span><\/span><\/span><\/p>\n<\/li>\n<li>\n<p style=\"line-height: 100%; orphans: 0; widows: 0; margin-bottom: 0cm;\" align=\"justify\"><span style=\"color: #000000;\"><span style=\"font-family: Trebuchet MS, serif;\"><span style=\"font-size: medium;\"><span style=\"color: #000000;\"><span style=\"font-family: Times New Roman, serif;\"><span style=\"font-size: small;\">Expert-Evaluateur National affili\u00e9 au CNRST<\/span><\/span><\/span><\/span><\/span><\/span><\/p>\n<\/li>\n<li>\n<p style=\"line-height: 100%; orphans: 0; widows: 0; margin-bottom: 0cm;\" align=\"justify\"><span style=\"color: #000000;\"><span style=\"font-family: Trebuchet MS, serif;\"><span style=\"font-size: medium;\"><span style=\"color: #000000;\"><span style=\"font-family: Times New Roman, serif;\"><span style=\"font-size: small;\">Expert-Evaluateur affili\u00e9 \u00e0 l\u2019Universit\u00e9 Mohamed VI, Benguerir<\/span><\/span><\/span><\/span><\/span><\/span><\/p>\n<\/li>\n<li>\n<p style=\"line-height: 100%; orphans: 0; widows: 0; margin-bottom: 0cm;\" align=\"justify\"><span style=\"color: #000000;\"><span style=\"font-family: Trebuchet MS, serif;\"><span style=\"font-size: medium;\"><span style=\"font-family: Times New Roman, serif;\"><span style=\"font-size: small;\">Membre du Comit\u00e9 du Pilotage du Coll\u00e8ge Doctoral en Biotechnologie V\u00e9g\u00e9tale et Agroalimentaire de l\u2019Agence Universitaire de la Francophonie<\/span><\/span><\/span><\/span><\/span><\/p>\n<\/li>\n<li>\n<p style=\"line-height: 100%; orphans: 0; widows: 0; margin-bottom: 0cm;\" align=\"justify\"><span style=\"color: #000000;\"><span style=\"font-family: Trebuchet MS, serif;\"><span style=\"font-size: medium;\"><span style=\"font-family: Times New Roman, serif;\"><span style=\"font-size: small;\">Ex-Chercheur au Centre de Recherche Nestl\u00e9 \u00e0 Lausanne en Suisse<\/span><\/span><\/span><\/span><\/span><\/p>\n<\/li>\n<li>\n<p style=\"line-height: 100%; orphans: 0; widows: 0; margin-bottom: 0cm;\" align=\"justify\"><span style=\"color: #000000;\"><span style=\"font-family: Trebuchet MS, serif;\"><span style=\"font-size: medium;\"><span style=\"font-family: Times New Roman, serif;\"><span style=\"font-size: small;\">Coordinateur du R\u00e9seau Marocain sur les Moisissures et les Mycotoxines (R3M)<\/span><\/span><\/span><\/span><\/span><\/p>\n<\/li>\n<li>\n<p style=\"line-height: 100%; orphans: 0; widows: 0; margin-bottom: 0cm;\" align=\"justify\"><span style=\"color: #000000;\"><span style=\"font-family: Trebuchet MS, serif;\"><span style=\"font-size: medium;\"><span style=\"color: #000000;\"><span style=\"font-family: Times New Roman, serif;\"><span style=\"font-size: small;\">Encadrant d\u2019une vingtaine de sujets th\u00e8se en relation avec les sciences de l\u2019aliment, s\u00e9curit\u00e9 sanitaire des aliments et valorisation alimentaire et non alimentaire des agro-ressources<\/span><\/span><\/span><\/span><\/span><\/span><\/p>\n<\/li>\n<li>\n<p style=\"line-height: 100%; orphans: 0; widows: 0; margin-bottom: 0cm;\" align=\"justify\"><span style=\"color: #000000;\"><span style=\"font-family: Trebuchet MS, serif;\"><span style=\"font-size: medium;\"><span style=\"color: #000000;\"><span style=\"font-family: Times New Roman, serif;\"><span style=\"font-size: small;\">Auteur de plusieurs publications internationales et brevets (national et international)<\/span><\/span><\/span><\/span><\/span><\/span><\/p>\n<\/li>\n<li>\n<p style=\"line-height: 100%; orphans: 0; widows: 0; margin-bottom: 0cm;\" align=\"justify\"><span style=\"color: #000000;\"><span style=\"font-family: Trebuchet MS, serif;\"><span style=\"font-size: medium;\"><span style=\"color: #000000;\"><span style=\"font-family: Times New Roman, serif;\"><span style=\"font-size: small;\">Pr\u00e9sident de l\u2019Association Carrefour Adrar, Boulemane<\/span><\/span><\/span><span style=\"color: #000000;\"><span style=\"font-family: Times New Roman, serif;\"><span style=\"font-size: small;\"><b>.<\/b><\/span><\/span><\/span><\/span><\/span><\/span><\/p>\n<\/li>\n<\/ul>\n<p style=\"line-height: 108%; margin-bottom: 0.28cm;\" align=\"justify\">&nbsp;<\/p>\n","protected":false},"excerpt":{"rendered":"<p>&nbsp; Valorisation des coproduits de l\u2019agro-industrie : Source de plateforme mol\u00e9culaire et concept de l&rsquo;\u00e9conomie circulaire Professeur d\u2019Enseignement Sup\u00e9rieur \u00e0 la Facult\u00e9 des Sciences Mekn\u00e8s<\/p>\n","protected":false},"author":1,"featured_media":537,"parent":0,"menu_order":0,"comment_status":"closed","ping_status":"closed","template":"page-templates\/template-portfolio.php","meta":{"footnotes":""},"class_list":["post-536","page","type-page","status-publish","has-post-thumbnail","hentry"],"_links":{"self":[{"href":"http:\/\/www.bachmek.umi.ac.ma\/EnvIMEKO10\/index.php\/wp-json\/wp\/v2\/pages\/536","targetHints":{"allow":["GET"]}}],"collection":[{"href":"http:\/\/www.bachmek.umi.ac.ma\/EnvIMEKO10\/index.php\/wp-json\/wp\/v2\/pages"}],"about":[{"href":"http:\/\/www.bachmek.umi.ac.ma\/EnvIMEKO10\/index.php\/wp-json\/wp\/v2\/types\/page"}],"author":[{"embeddable":true,"href":"http:\/\/www.bachmek.umi.ac.ma\/EnvIMEKO10\/index.php\/wp-json\/wp\/v2\/users\/1"}],"replies":[{"embeddable":true,"href":"http:\/\/www.bachmek.umi.ac.ma\/EnvIMEKO10\/index.php\/wp-json\/wp\/v2\/comments?post=536"}],"version-history":[{"count":2,"href":"http:\/\/www.bachmek.umi.ac.ma\/EnvIMEKO10\/index.php\/wp-json\/wp\/v2\/pages\/536\/revisions"}],"predecessor-version":[{"id":539,"href":"http:\/\/www.bachmek.umi.ac.ma\/EnvIMEKO10\/index.php\/wp-json\/wp\/v2\/pages\/536\/revisions\/539"}],"wp:featuredmedia":[{"embeddable":true,"href":"http:\/\/www.bachmek.umi.ac.ma\/EnvIMEKO10\/index.php\/wp-json\/wp\/v2\/media\/537"}],"wp:attachment":[{"href":"http:\/\/www.bachmek.umi.ac.ma\/EnvIMEKO10\/index.php\/wp-json\/wp\/v2\/media?parent=536"}],"curies":[{"name":"wp","href":"https:\/\/api.w.org\/{rel}","templated":true}]}}