{"id":462,"date":"2023-09-16T12:37:01","date_gmt":"2023-09-16T10:37:01","guid":{"rendered":"http:\/\/www.bachmek.umi.ac.ma\/EnvIMEKO10\/?page_id=462"},"modified":"2023-09-20T00:33:16","modified_gmt":"2023-09-19T22:33:16","slug":"pr-aziz-abouabdillah","status":"publish","type":"page","link":"http:\/\/www.bachmek.umi.ac.ma\/EnvIMEKO10\/index.php\/pr-aziz-abouabdillah\/","title":{"rendered":"Pr. Aziz Abouabdillah"},"content":{"rendered":"<p><strong>Bibliographie<\/strong><\/p>\n<p class=\"western\" lang=\"fr-FR\" align=\"justify\"><span style=\"color: #111111;\"><span style=\"font-family: Calibri, serif;\"><span lang=\"en-US\">Depuis juillet 2012, j\u2019ai \u00e9t\u00e9 recrut\u00e9 en tant qu\u2019enseignant \u00e0 l\u2019Ecole Nationale d\u2019Agriculture de Mekn\u00e8s, Maroc. J\u2019assure des cours de gestion de l\u2019eau dans l\u2019agriculture, pilotage et dimensionnement d\u2019irrigation, culture maraich\u00e8re, mod\u00e9lisation et changement climatique. Je suis impliqu\u00e9 \u00e9galement dans des activit\u00e9s de recherche portant sur le control du continuum Sol Plante Eau Climat, et sur l\u2019irrigation d\u00e9ficitaire, l\u2019hydrologie de surface et changement climatique. Je suis coordonateur de deux projets portant sur l\u2019optimisation de l\u2019irrigation et l\u2019avertissement agricole En 2009, j\u2019au eu mon PhD en mod\u00e9lisation hydrologique de l\u2019Universit\u00e9 la Tuscia \u00e0 Viterbo. Je suis \u00e9galement titulaire d\u2019un Master en irrigation du CIHEAM-IAMB, Italie en 2006 et d\u2019un dipl\u00f4me d\u2019Ing\u00e9nieur agronome (horticulture) de l\u2019IAV Hassan II. J\u2019ai travaill\u00e9 pendant quatre ans comme attach\u00e9 de recherche \u00e0 l\u2019Institut de Recherche des Eaux (IRSA-CNR), \u00e0 Bari en Italie et deux ans comme Post-doctorant au Texas<br \/>\nAgriLife, Blackland Research Center, Temple, Texas, Etats-Unis, o\u00f9 j\u2019ai pu acqu\u00e9rir une vaste exp\u00e9rience dans la r\u00e9alisation et la gestion des projets de recherche. Je suis auteur de certaines publications scientifiques dans le domaine de l\u2019irrigation, la gestion des ressources en eau et l\u2019\u00e9valuation des impacts du changement climatique.<\/span><\/span><\/span><\/p>\n<p><strong><span style=\"color: #000000;\">Abstract<\/span><\/strong><\/p>\n","protected":false},"excerpt":{"rendered":"<p>Bibliographie Depuis juillet 2012, j\u2019ai \u00e9t\u00e9 recrut\u00e9 en tant qu\u2019enseignant \u00e0 l\u2019Ecole Nationale d\u2019Agriculture de Mekn\u00e8s, Maroc. J\u2019assure des cours de gestion de l\u2019eau dans<\/p>\n","protected":false},"author":1,"featured_media":463,"parent":0,"menu_order":0,"comment_status":"closed","ping_status":"closed","template":"page-templates\/template-portfolio.php","meta":{"footnotes":""},"class_list":["post-462","page","type-page","status-publish","has-post-thumbnail","hentry"],"_links":{"self":[{"href":"http:\/\/www.bachmek.umi.ac.ma\/EnvIMEKO10\/index.php\/wp-json\/wp\/v2\/pages\/462","targetHints":{"allow":["GET"]}}],"collection":[{"href":"http:\/\/www.bachmek.umi.ac.ma\/EnvIMEKO10\/index.php\/wp-json\/wp\/v2\/pages"}],"about":[{"href":"http:\/\/www.bachmek.umi.ac.ma\/EnvIMEKO10\/index.php\/wp-json\/wp\/v2\/types\/page"}],"author":[{"embeddable":true,"href":"http:\/\/www.bachmek.umi.ac.ma\/EnvIMEKO10\/index.php\/wp-json\/wp\/v2\/users\/1"}],"replies":[{"embeddable":true,"href":"http:\/\/www.bachmek.umi.ac.ma\/EnvIMEKO10\/index.php\/wp-json\/wp\/v2\/comments?post=462"}],"version-history":[{"count":5,"href":"http:\/\/www.bachmek.umi.ac.ma\/EnvIMEKO10\/index.php\/wp-json\/wp\/v2\/pages\/462\/revisions"}],"predecessor-version":[{"id":504,"href":"http:\/\/www.bachmek.umi.ac.ma\/EnvIMEKO10\/index.php\/wp-json\/wp\/v2\/pages\/462\/revisions\/504"}],"wp:featuredmedia":[{"embeddable":true,"href":"http:\/\/www.bachmek.umi.ac.ma\/EnvIMEKO10\/index.php\/wp-json\/wp\/v2\/media\/463"}],"wp:attachment":[{"href":"http:\/\/www.bachmek.umi.ac.ma\/EnvIMEKO10\/index.php\/wp-json\/wp\/v2\/media?parent=462"}],"curies":[{"name":"wp","href":"https:\/\/api.w.org\/{rel}","templated":true}]}}