{"id":439,"date":"2023-08-23T20:41:36","date_gmt":"2023-08-23T18:41:36","guid":{"rendered":"http:\/\/www.bachmek.umi.ac.ma\/EnvIMEKO10\/?page_id=439"},"modified":"2023-09-29T18:11:37","modified_gmt":"2023-09-29T16:11:37","slug":"speaker-4","status":"publish","type":"page","link":"http:\/\/www.bachmek.umi.ac.ma\/EnvIMEKO10\/index.php\/speaker-4\/","title":{"rendered":"Pr. Saadia Ait Lyazidi"},"content":{"rendered":"<p><span style=\"color: #000000;\">Professeur de l\u2019enseignement sup\u00e9rieur \u00e0 la Facult\u00e9 des Sciences de l\u2019Universit\u00e9 Moulay Ismai \u00e0 Mekn\u00e8s au Maroc. Laboratoire de Spectrom\u00e9trie des Mat\u00e9riaux et Arch\u00e9omat\u00e9riaux (LASMAR), Unit\u00e9 de Recherche Labellis\u00e9e par le CNRST (URL-CNRST N\u00b07). <\/span><\/p>\n<p><span style=\"color: #000000;\">Th\u00e9matiques de recherches en cours :<\/span><\/p>\n<p><span style=\"color: #000000;\">&#8211; Analyses par les spectrom\u00e9tries optiques des mat\u00e9riaux du patrimoine culturel<\/span><br \/>\n<span style=\"color: #000000;\">&#8211; Environnement : Surveillance des eaux et des sols \/ spectrom\u00e9tries optiques<\/span><\/p>\n<p><strong>Abstarct<\/strong> :<\/p>\n<p><strong>MATERIAUX DU PATRIMOINE CULTUREL ET OBJETS D\u2019ART : APPORT DES SPECTROMETRIES OPTIQUES DANS LA DOCUMENTATION SCIENTIFIQUE<\/strong><\/p>\n","protected":false},"excerpt":{"rendered":"<p>Professeur de l\u2019enseignement sup\u00e9rieur \u00e0 la Facult\u00e9 des Sciences de l\u2019Universit\u00e9 Moulay Ismai \u00e0 Mekn\u00e8s au Maroc. Laboratoire de Spectrom\u00e9trie des Mat\u00e9riaux et Arch\u00e9omat\u00e9riaux (LASMAR),<\/p>\n","protected":false},"author":1,"featured_media":544,"parent":0,"menu_order":0,"comment_status":"closed","ping_status":"closed","template":"page-templates\/template-portfolio.php","meta":{"footnotes":""},"class_list":["post-439","page","type-page","status-publish","has-post-thumbnail","hentry"],"_links":{"self":[{"href":"http:\/\/www.bachmek.umi.ac.ma\/EnvIMEKO10\/index.php\/wp-json\/wp\/v2\/pages\/439","targetHints":{"allow":["GET"]}}],"collection":[{"href":"http:\/\/www.bachmek.umi.ac.ma\/EnvIMEKO10\/index.php\/wp-json\/wp\/v2\/pages"}],"about":[{"href":"http:\/\/www.bachmek.umi.ac.ma\/EnvIMEKO10\/index.php\/wp-json\/wp\/v2\/types\/page"}],"author":[{"embeddable":true,"href":"http:\/\/www.bachmek.umi.ac.ma\/EnvIMEKO10\/index.php\/wp-json\/wp\/v2\/users\/1"}],"replies":[{"embeddable":true,"href":"http:\/\/www.bachmek.umi.ac.ma\/EnvIMEKO10\/index.php\/wp-json\/wp\/v2\/comments?post=439"}],"version-history":[{"count":5,"href":"http:\/\/www.bachmek.umi.ac.ma\/EnvIMEKO10\/index.php\/wp-json\/wp\/v2\/pages\/439\/revisions"}],"predecessor-version":[{"id":541,"href":"http:\/\/www.bachmek.umi.ac.ma\/EnvIMEKO10\/index.php\/wp-json\/wp\/v2\/pages\/439\/revisions\/541"}],"wp:featuredmedia":[{"embeddable":true,"href":"http:\/\/www.bachmek.umi.ac.ma\/EnvIMEKO10\/index.php\/wp-json\/wp\/v2\/media\/544"}],"wp:attachment":[{"href":"http:\/\/www.bachmek.umi.ac.ma\/EnvIMEKO10\/index.php\/wp-json\/wp\/v2\/media?parent=439"}],"curies":[{"name":"wp","href":"https:\/\/api.w.org\/{rel}","templated":true}]}}